{"id":11,"date":"2026-03-30T15:02:17","date_gmt":"2026-03-30T13:02:17","guid":{"rendered":"https:\/\/baessler-gasthaus.de\/2026\/?page_id=11"},"modified":"2026-03-30T16:38:43","modified_gmt":"2026-03-30T14:38:43","slug":"kontakt","status":"publish","type":"page","link":"https:\/\/baessler-gasthaus.de\/?page_id=11","title":{"rendered":"Kontakt"},"content":{"rendered":"\n<p>Bitte haben Sie Verst\u00e4ndnis, dass eine Tischreservierung nur nach telefonischem Kontakt erfolgen kann.<\/p>\n\n\n\n<p>Gerne k\u00f6nnen Sie uns wie folgt erreichen:<\/p>\n\n\n\n<p>Hauptstr. 25<br>86836 Obermeitingen<\/p>\n\n\n\n<p>Telefon: +49 (0) 8232 95 89 88<br>WhatsApp: +49 (0) 152 516 111 87<br>E-Mail: info[at]baessler-gasthaus.de<\/p>\n\n\n\n<p>F\u00fcr die Verwendung der E-Mail-Adresse \u00e4ndern Sie bitte das [at] in ein @ Zeichen. Dies wurde aus Spam-Schutz-Gr\u00fcnden eingef\u00fchrt.<\/p>\n\n\n\n<p><\/p>\n\n\n\n<p><strong>Unsere \u00d6ffnungszeiten:<\/strong><\/p>\n\n\n\n<p>Mittwoch bis Freitag von 17.00 Uhr bis 23.00 Uhr<br>Samstag: 11.00 \u2013 14.00 Uhr und 17.00 \u2013 23.00 Uhr<br>Sonntag: 10.00 \u2013 14.00 Uhr und 17.00 \u2013 23.00 Uhr<\/p>\n\n\n\n<p>Ab 15 Personen auch au\u00dferhalb nach Absprache.<\/p>\n","protected":false},"excerpt":{"rendered":"<p>Bitte haben Sie Verst\u00e4ndnis, dass eine Tischreservierung nur nach telefonischem Kontakt erfolgen kann. Gerne k\u00f6nnen Sie uns wie folgt erreichen: Hauptstr. 2586836 Obermeitingen Telefon: +49 (0) 8232 95 89 88WhatsApp: +49 (0) 152 516 111 87E-Mail: info[at]baessler-gasthaus.de F\u00fcr die Verwendung der E-Mail-Adresse \u00e4ndern Sie bitte das [at] in ein @ Zeichen. Dies wurde aus Spam-Schutz-Gr\u00fcnden [&hellip;]<\/p>\n","protected":false},"author":1,"featured_media":0,"parent":0,"menu_order":0,"comment_status":"closed","ping_status":"closed","template":"page-no-separators","meta":{"footnotes":""},"class_list":["post-11","page","type-page","status-publish","hentry"],"_links":{"self":[{"href":"https:\/\/baessler-gasthaus.de\/index.php?rest_route=\/wp\/v2\/pages\/11","targetHints":{"allow":["GET"]}}],"collection":[{"href":"https:\/\/baessler-gasthaus.de\/index.php?rest_route=\/wp\/v2\/pages"}],"about":[{"href":"https:\/\/baessler-gasthaus.de\/index.php?rest_route=\/wp\/v2\/types\/page"}],"author":[{"embeddable":true,"href":"https:\/\/baessler-gasthaus.de\/index.php?rest_route=\/wp\/v2\/users\/1"}],"replies":[{"embeddable":true,"href":"https:\/\/baessler-gasthaus.de\/index.php?rest_route=%2Fwp%2Fv2%2Fcomments&post=11"}],"version-history":[{"count":1,"href":"https:\/\/baessler-gasthaus.de\/index.php?rest_route=\/wp\/v2\/pages\/11\/revisions"}],"predecessor-version":[{"id":12,"href":"https:\/\/baessler-gasthaus.de\/index.php?rest_route=\/wp\/v2\/pages\/11\/revisions\/12"}],"wp:attachment":[{"href":"https:\/\/baessler-gasthaus.de\/index.php?rest_route=%2Fwp%2Fv2%2Fmedia&parent=11"}],"curies":[{"name":"wp","href":"https:\/\/api.w.org\/{rel}","templated":true}]}}